{"id":2,"date":"2024-01-30T07:49:38","date_gmt":"2024-01-30T06:49:38","guid":{"rendered":"https:\/\/rekursivweb.ovh\/closeriedulagon\/?page_id=2"},"modified":"2024-03-27T09:13:47","modified_gmt":"2024-03-27T05:13:47","slug":"aux-alentours","status":"publish","type":"page","link":"https:\/\/closerie-du-lagon.fr\/en\/aux-alentours\/","title":{"rendered":"Around"},"content":{"rendered":"<div class=\"wp-block-group alignfull has-global-padding is-layout-constrained wp-container-core-group-is-layout-99c5e369 wp-block-group-is-layout-constrained\" style=\"padding-top:var(--wp--preset--spacing--40);padding-right:var(--wp--preset--spacing--40);padding-bottom:var(--wp--preset--spacing--40);padding-left:var(--wp--preset--spacing--40)\">\n<h1 class=\"wp-block-heading has-text-align-center has-x-large-font-size\">Discover the west of the island during your stay<\/h1>\n\n\n\n<p class=\"has-text-align-center\">The island&#039;s seaside resort, Saint-Gilles, is to Reunion what Saint-Tropez is to the metropolis. This district of Saint-Paul owes its tourist status to its beaches, the most beautiful on the island, and to its unparalleled sunshine which gives it the lowest rainfall rate in all of Reunion.<\/p>\n\n\n<div class=\"kb-gallery-wrap-id-2_88698d-f6 alignnone wp-block-kadence-advancedgallery\"><div class=\"kb-gallery-ul kb-gallery-non-static kb-gallery-type-fluidcarousel kb-gallery-id-2_88698d-f6 kb-gallery-caption-style-bottom-hover kb-gallery-filter-none\" data-image-filter=\"none\" data-lightbox-caption=\"true\"><div class=\"kt-blocks-carousel splide kt-carousel-container-dotstyle-dark kt-carousel-arrowstyle-whiteondark kt-carousel-dotstyle-dark kb-slider-group-arrow kb-slider-arrow-position-center\" data-slider-anim-speed=\"400\" data-slider-scroll=\"1\" data-slider-arrows=\"true\" data-slider-dots=\"true\" data-slider-hover-pause=\"false\" data-slider-auto=\"\" data-slider-speed=\"7000\" data-slider-type=\"fluidcarousel\" data-slider-center-mode=\"true\" data-slider-gap=\"10px\" data-slider-gap-tablet=\"10px\" data-slider-gap-mobile=\"10px\" data-show-pause-button=\"false\"><div class=\"splide__track\"><ul class=\"kt-blocks-carousel-init kb-blocks-fluid-carousel splide__list\"><li class=\"kb-slide-item kb-gallery-carousel-item splide__slide\"><div class=\"kadence-blocks-gallery-item\"><div class=\"kadence-blocks-gallery-item-inner\"><figure class=\"kb-gallery-figure kadence-blocks-gallery-item-hide-caption\"><div class=\"kb-gal-image-radius\"><div class=\"kb-gallery-image-contain\" ><img loading=\"lazy\" decoding=\"async\" src=\"https:\/\/rekursivweb.ovh\/closeriedulagon\/wp-content\/uploads\/2024\/03\/Souris-chaude-02.jpg\" width=\"380\" height=\"318\" alt=\"\" data-full-image=\"https:\/\/rekursivweb.ovh\/closeriedulagon\/wp-content\/uploads\/2024\/03\/Souris-chaude-02.jpg\" data-light-image=\"https:\/\/rekursivweb.ovh\/closeriedulagon\/wp-content\/uploads\/2024\/03\/Souris-chaude-02.jpg\" data-id=\"62\" class=\"wp-image-62 skip-lazy\" srcset=\"https:\/\/closerie-du-lagon.fr\/wp-content\/uploads\/2024\/03\/Souris-chaude-02.jpg 380w, https:\/\/closerie-du-lagon.fr\/wp-content\/uploads\/2024\/03\/Souris-chaude-02-300x251.jpg 300w\" sizes=\"auto, (max-width: 380px) 100vw, 380px\" \/><\/div><\/div><\/figure><\/div><\/div><\/li><li class=\"kb-slide-item kb-gallery-carousel-item splide__slide\"><div class=\"kadence-blocks-gallery-item\"><div class=\"kadence-blocks-gallery-item-inner\"><figure class=\"kb-gallery-figure kadence-blocks-gallery-item-hide-caption\"><div class=\"kb-gal-image-radius\"><div class=\"kb-gallery-image-contain\" ><img loading=\"lazy\" decoding=\"async\" src=\"https:\/\/rekursivweb.ovh\/closeriedulagon\/wp-content\/uploads\/2024\/03\/Souris-chaude.jpg\" width=\"380\" height=\"318\" alt=\"\" data-full-image=\"https:\/\/rekursivweb.ovh\/closeriedulagon\/wp-content\/uploads\/2024\/03\/Souris-chaude.jpg\" data-light-image=\"https:\/\/rekursivweb.ovh\/closeriedulagon\/wp-content\/uploads\/2024\/03\/Souris-chaude.jpg\" data-id=\"63\" class=\"wp-image-63 skip-lazy\" srcset=\"https:\/\/closerie-du-lagon.fr\/wp-content\/uploads\/2024\/03\/Souris-chaude.jpg 380w, https:\/\/closerie-du-lagon.fr\/wp-content\/uploads\/2024\/03\/Souris-chaude-300x251.jpg 300w\" sizes=\"auto, (max-width: 380px) 100vw, 380px\" \/><\/div><\/div><\/figure><\/div><\/div><\/li><li class=\"kb-slide-item kb-gallery-carousel-item splide__slide\"><div class=\"kadence-blocks-gallery-item\"><div class=\"kadence-blocks-gallery-item-inner\"><figure class=\"kb-gallery-figure kadence-blocks-gallery-item-hide-caption\"><div class=\"kb-gal-image-radius\"><div class=\"kb-gallery-image-contain\" ><img loading=\"lazy\" decoding=\"async\" src=\"https:\/\/rekursivweb.ovh\/closeriedulagon\/wp-content\/uploads\/2024\/03\/port.jpg\" width=\"380\" height=\"318\" alt=\"\" data-full-image=\"https:\/\/rekursivweb.ovh\/closeriedulagon\/wp-content\/uploads\/2024\/03\/port.jpg\" data-light-image=\"https:\/\/rekursivweb.ovh\/closeriedulagon\/wp-content\/uploads\/2024\/03\/port.jpg\" data-id=\"61\" class=\"wp-image-61 skip-lazy\" srcset=\"https:\/\/closerie-du-lagon.fr\/wp-content\/uploads\/2024\/03\/port.jpg 380w, https:\/\/closerie-du-lagon.fr\/wp-content\/uploads\/2024\/03\/port-300x251.jpg 300w\" sizes=\"auto, (max-width: 380px) 100vw, 380px\" \/><\/div><\/div><\/figure><\/div><\/div><\/li><li class=\"kb-slide-item kb-gallery-carousel-item splide__slide\"><div class=\"kadence-blocks-gallery-item\"><div class=\"kadence-blocks-gallery-item-inner\"><figure class=\"kb-gallery-figure kadence-blocks-gallery-item-hide-caption\"><div class=\"kb-gal-image-radius\"><div class=\"kb-gallery-image-contain\" ><img loading=\"lazy\" decoding=\"async\" src=\"https:\/\/rekursivweb.ovh\/closeriedulagon\/wp-content\/uploads\/2024\/03\/marina.jpg\" width=\"380\" height=\"318\" alt=\"\" data-full-image=\"https:\/\/rekursivweb.ovh\/closeriedulagon\/wp-content\/uploads\/2024\/03\/marina.jpg\" data-light-image=\"https:\/\/rekursivweb.ovh\/closeriedulagon\/wp-content\/uploads\/2024\/03\/marina.jpg\" data-id=\"60\" class=\"wp-image-60 skip-lazy\" srcset=\"https:\/\/closerie-du-lagon.fr\/wp-content\/uploads\/2024\/03\/marina.jpg 380w, https:\/\/closerie-du-lagon.fr\/wp-content\/uploads\/2024\/03\/marina-300x251.jpg 300w\" sizes=\"auto, (max-width: 380px) 100vw, 380px\" \/><\/div><\/div><\/figure><\/div><\/div><\/li><li class=\"kb-slide-item kb-gallery-carousel-item splide__slide\"><div class=\"kadence-blocks-gallery-item\"><div class=\"kadence-blocks-gallery-item-inner\"><figure class=\"kb-gallery-figure kadence-blocks-gallery-item-hide-caption\"><div class=\"kb-gal-image-radius\"><div class=\"kb-gallery-image-contain\" ><img loading=\"lazy\" decoding=\"async\" src=\"https:\/\/rekursivweb.ovh\/closeriedulagon\/wp-content\/uploads\/2024\/03\/Baleine.jpg\" width=\"380\" height=\"318\" alt=\"\" data-full-image=\"https:\/\/rekursivweb.ovh\/closeriedulagon\/wp-content\/uploads\/2024\/03\/Baleine.jpg\" data-light-image=\"https:\/\/rekursivweb.ovh\/closeriedulagon\/wp-content\/uploads\/2024\/03\/Baleine.jpg\" data-id=\"54\" class=\"wp-image-54 skip-lazy\" srcset=\"https:\/\/closerie-du-lagon.fr\/wp-content\/uploads\/2024\/03\/Baleine.jpg 380w, https:\/\/closerie-du-lagon.fr\/wp-content\/uploads\/2024\/03\/Baleine-300x251.jpg 300w\" sizes=\"auto, (max-width: 380px) 100vw, 380px\" \/><\/div><\/div><\/figure><\/div><\/div><\/li><li class=\"kb-slide-item kb-gallery-carousel-item splide__slide\"><div class=\"kadence-blocks-gallery-item\"><div class=\"kadence-blocks-gallery-item-inner\"><figure class=\"kb-gallery-figure kadence-blocks-gallery-item-hide-caption\"><div class=\"kb-gal-image-radius\"><div class=\"kb-gallery-image-contain\" ><img loading=\"lazy\" decoding=\"async\" src=\"https:\/\/rekursivweb.ovh\/closeriedulagon\/wp-content\/uploads\/2024\/03\/les-brisants.jpg\" width=\"380\" height=\"318\" alt=\"\" data-full-image=\"https:\/\/rekursivweb.ovh\/closeriedulagon\/wp-content\/uploads\/2024\/03\/les-brisants.jpg\" data-light-image=\"https:\/\/rekursivweb.ovh\/closeriedulagon\/wp-content\/uploads\/2024\/03\/les-brisants.jpg\" data-id=\"59\" class=\"wp-image-59 skip-lazy\" srcset=\"https:\/\/closerie-du-lagon.fr\/wp-content\/uploads\/2024\/03\/les-brisants.jpg 380w, https:\/\/closerie-du-lagon.fr\/wp-content\/uploads\/2024\/03\/les-brisants-300x251.jpg 300w\" sizes=\"auto, (max-width: 380px) 100vw, 380px\" \/><\/div><\/div><\/figure><\/div><\/div><\/li><\/ul><\/div><\/div><\/div><\/div>\n\n<div class=\"kb-google-maps-container kb-google-maps-container2_49edd7-2c  wp-block-kadence-googlemaps\" data-mapid=\"2_49edd72c\"><iframe width=\"100%\" height=\"100%\"\n\t\t\t\t\t\t\tstyle=\"border:0\" loading=\"lazy\"\n\t\t\t\t\t\t\tsrc=\"https:\/\/www.google.com\/maps\/embed\/v1\/place?key=AIzaSyBAM2o7PiQqwk15LC1XRH2e_KJ-jUa7KYk&#038;zoom=16&#038;maptype=roadmap&#038;q=78+ter.+Rue+Auguste+Lacaussade+97434+La+Saline-Les-Bains+%C3%8Ele+de+La+R%C3%A9union\"\n\t\t\t\t\t\t\ttitle=\"Google map of 78 ter. Rue Auguste Lacaussade 97434 La Saline-Les-Bains Reunion Island\"><\/iframe><\/div><script>function kb_google_map2_49edd72c() { let center = { lat: 37.8201, lng: -122.4781}; let map = new google.maps.Map(document.getElementById(\"kb-google-map2_49edd72c\"), {\n\t\t\t\t\t    zoom: 16,\n\t\t\t\t\t    center: center,});let marker = new google.maps.Marker({   position: { lat: 37.8201, lng: -122.4781},    map: map,  });}<\/script><\/div>","protected":false},"excerpt":{"rendered":"<p>D\u00e9couvrez l&rsquo;ouest de l&rsquo;\u00eele pendant votre s\u00e9jour La station baln\u00e9aire de l\u2019\u00eele, Saint-Gilles, est \u00e0 La R\u00e9union ce que Saint-Tropez est \u00e0 la m\u00e9tropole. Ce quartier de Saint-Paul doit son statut touristique \u00e0 ses plages, les plus belles de l\u2019\u00eele, et \u00e0 son ensoleillement in\u00e9galable qui lui conf\u00e8re le plus faible taux de pluviom\u00e9trie de [&hellip;]<\/p>\n","protected":false},"author":1,"featured_media":0,"parent":0,"menu_order":1,"comment_status":"closed","ping_status":"closed","template":"","meta":{"footnotes":""},"class_list":["post-2","page","type-page","status-publish","hentry"],"yoast_head":"<!-- This site is optimized with the Yoast SEO plugin v27.5 - https:\/\/yoast.com\/product\/yoast-seo-wordpress\/ -->\n<title>Aux alentours - Closerie du Lagon<\/title>\n<meta name=\"robots\" content=\"index, follow, max-snippet:-1, max-image-preview:large, max-video-preview:-1\" \/>\n<link rel=\"canonical\" href=\"https:\/\/closerie-du-lagon.fr\/en\/aux-alentours\/\" \/>\n<meta property=\"og:locale\" content=\"en_GB\" \/>\n<meta property=\"og:type\" content=\"article\" \/>\n<meta property=\"og:title\" content=\"Aux alentours - Closerie du Lagon\" \/>\n<meta property=\"og:description\" content=\"D\u00e9couvrez l&rsquo;ouest de l&rsquo;\u00eele pendant votre s\u00e9jour La station baln\u00e9aire de l\u2019\u00eele, Saint-Gilles, est \u00e0 La R\u00e9union ce que Saint-Tropez est \u00e0 la m\u00e9tropole. Ce quartier de Saint-Paul doit son statut touristique \u00e0 ses plages, les plus belles de l\u2019\u00eele, et \u00e0 son ensoleillement in\u00e9galable qui lui conf\u00e8re le plus faible taux de pluviom\u00e9trie de [&hellip;]\" \/>\n<meta property=\"og:url\" content=\"https:\/\/closerie-du-lagon.fr\/en\/aux-alentours\/\" \/>\n<meta property=\"og:site_name\" content=\"Closerie du Lagon\" \/>\n<meta property=\"article:modified_time\" content=\"2024-03-27T05:13:47+00:00\" \/>\n<meta name=\"twitter:card\" content=\"summary_large_image\" \/>\n<meta name=\"twitter:label1\" content=\"Estimated reading time\" \/>\n\t<meta name=\"twitter:data1\" content=\"1 minute\" \/>\n<script type=\"application\/ld+json\" class=\"yoast-schema-graph\">{\"@context\":\"https:\\\/\\\/schema.org\",\"@graph\":[{\"@type\":\"WebPage\",\"@id\":\"https:\\\/\\\/closerie-du-lagon.fr\\\/aux-alentours\\\/\",\"url\":\"https:\\\/\\\/closerie-du-lagon.fr\\\/aux-alentours\\\/\",\"name\":\"Aux alentours - Closerie du Lagon\",\"isPartOf\":{\"@id\":\"https:\\\/\\\/closerie-du-lagon.fr\\\/#website\"},\"datePublished\":\"2024-01-30T06:49:38+00:00\",\"dateModified\":\"2024-03-27T05:13:47+00:00\",\"breadcrumb\":{\"@id\":\"https:\\\/\\\/closerie-du-lagon.fr\\\/aux-alentours\\\/#breadcrumb\"},\"inLanguage\":\"en-GB\",\"potentialAction\":[{\"@type\":\"ReadAction\",\"target\":[\"https:\\\/\\\/closerie-du-lagon.fr\\\/aux-alentours\\\/\"]}]},{\"@type\":\"BreadcrumbList\",\"@id\":\"https:\\\/\\\/closerie-du-lagon.fr\\\/aux-alentours\\\/#breadcrumb\",\"itemListElement\":[{\"@type\":\"ListItem\",\"position\":1,\"name\":\"Accueil\",\"item\":\"https:\\\/\\\/closerie-du-lagon.fr\\\/\"},{\"@type\":\"ListItem\",\"position\":2,\"name\":\"Aux alentours\"}]},{\"@type\":\"WebSite\",\"@id\":\"https:\\\/\\\/closerie-du-lagon.fr\\\/#website\",\"url\":\"https:\\\/\\\/closerie-du-lagon.fr\\\/\",\"name\":\"Closerie du Lagon\",\"description\":\"L&#039;h\u00e9bergement d&#039;exception \u00e0 La R\u00e9union\",\"publisher\":{\"@id\":\"https:\\\/\\\/closerie-du-lagon.fr\\\/#organization\"},\"potentialAction\":[{\"@type\":\"SearchAction\",\"target\":{\"@type\":\"EntryPoint\",\"urlTemplate\":\"https:\\\/\\\/closerie-du-lagon.fr\\\/?s={search_term_string}\"},\"query-input\":{\"@type\":\"PropertyValueSpecification\",\"valueRequired\":true,\"valueName\":\"search_term_string\"}}],\"inLanguage\":\"en-GB\"},{\"@type\":\"Organization\",\"@id\":\"https:\\\/\\\/closerie-du-lagon.fr\\\/#organization\",\"name\":\"Closerie du Lagon\",\"url\":\"https:\\\/\\\/closerie-du-lagon.fr\\\/\",\"logo\":{\"@type\":\"ImageObject\",\"inLanguage\":\"en-GB\",\"@id\":\"https:\\\/\\\/closerie-du-lagon.fr\\\/#\\\/schema\\\/logo\\\/image\\\/\",\"url\":\"https:\\\/\\\/closerie-du-lagon.fr\\\/wp-content\\\/uploads\\\/2024\\\/03\\\/logo.png\",\"contentUrl\":\"https:\\\/\\\/closerie-du-lagon.fr\\\/wp-content\\\/uploads\\\/2024\\\/03\\\/logo.png\",\"width\":138,\"height\":129,\"caption\":\"Closerie du Lagon\"},\"image\":{\"@id\":\"https:\\\/\\\/closerie-du-lagon.fr\\\/#\\\/schema\\\/logo\\\/image\\\/\"}}]}<\/script>\n<!-- \/ Yoast SEO plugin. -->","yoast_head_json":{"title":"Nearby - Closerie du Lagon","robots":{"index":"index","follow":"follow","max-snippet":"max-snippet:-1","max-image-preview":"max-image-preview:large","max-video-preview":"max-video-preview:-1"},"canonical":"https:\/\/closerie-du-lagon.fr\/en\/aux-alentours\/","og_locale":"en_GB","og_type":"article","og_title":"Aux alentours - Closerie du Lagon","og_description":"D\u00e9couvrez l&rsquo;ouest de l&rsquo;\u00eele pendant votre s\u00e9jour La station baln\u00e9aire de l\u2019\u00eele, Saint-Gilles, est \u00e0 La R\u00e9union ce que Saint-Tropez est \u00e0 la m\u00e9tropole. Ce quartier de Saint-Paul doit son statut touristique \u00e0 ses plages, les plus belles de l\u2019\u00eele, et \u00e0 son ensoleillement in\u00e9galable qui lui conf\u00e8re le plus faible taux de pluviom\u00e9trie de [&hellip;]","og_url":"https:\/\/closerie-du-lagon.fr\/en\/aux-alentours\/","og_site_name":"Closerie du Lagon","article_modified_time":"2024-03-27T05:13:47+00:00","twitter_card":"summary_large_image","twitter_misc":{"Estimated reading time":"1 minute"},"schema":{"@context":"https:\/\/schema.org","@graph":[{"@type":"WebPage","@id":"https:\/\/closerie-du-lagon.fr\/aux-alentours\/","url":"https:\/\/closerie-du-lagon.fr\/aux-alentours\/","name":"Nearby - Closerie du Lagon","isPartOf":{"@id":"https:\/\/closerie-du-lagon.fr\/#website"},"datePublished":"2024-01-30T06:49:38+00:00","dateModified":"2024-03-27T05:13:47+00:00","breadcrumb":{"@id":"https:\/\/closerie-du-lagon.fr\/aux-alentours\/#breadcrumb"},"inLanguage":"en-GB","potentialAction":[{"@type":"ReadAction","target":["https:\/\/closerie-du-lagon.fr\/aux-alentours\/"]}]},{"@type":"BreadcrumbList","@id":"https:\/\/closerie-du-lagon.fr\/aux-alentours\/#breadcrumb","itemListElement":[{"@type":"ListItem","position":1,"name":"Accueil","item":"https:\/\/closerie-du-lagon.fr\/"},{"@type":"ListItem","position":2,"name":"Aux alentours"}]},{"@type":"WebSite","@id":"https:\/\/closerie-du-lagon.fr\/#website","url":"https:\/\/closerie-du-lagon.fr\/","name":"Closerie du Lagon","description":"Exceptional accommodation in Reunion","publisher":{"@id":"https:\/\/closerie-du-lagon.fr\/#organization"},"potentialAction":[{"@type":"SearchAction","target":{"@type":"EntryPoint","urlTemplate":"https:\/\/closerie-du-lagon.fr\/?s={search_term_string}"},"query-input":{"@type":"PropertyValueSpecification","valueRequired":true,"valueName":"search_term_string"}}],"inLanguage":"en-GB"},{"@type":"Organization","@id":"https:\/\/closerie-du-lagon.fr\/#organization","name":"Closerie du Lagon","url":"https:\/\/closerie-du-lagon.fr\/","logo":{"@type":"ImageObject","inLanguage":"en-GB","@id":"https:\/\/closerie-du-lagon.fr\/#\/schema\/logo\/image\/","url":"https:\/\/closerie-du-lagon.fr\/wp-content\/uploads\/2024\/03\/logo.png","contentUrl":"https:\/\/closerie-du-lagon.fr\/wp-content\/uploads\/2024\/03\/logo.png","width":138,"height":129,"caption":"Closerie du Lagon"},"image":{"@id":"https:\/\/closerie-du-lagon.fr\/#\/schema\/logo\/image\/"}}]}},"_links":{"self":[{"href":"https:\/\/closerie-du-lagon.fr\/en\/wp-json\/wp\/v2\/pages\/2","targetHints":{"allow":["GET"]}}],"collection":[{"href":"https:\/\/closerie-du-lagon.fr\/en\/wp-json\/wp\/v2\/pages"}],"about":[{"href":"https:\/\/closerie-du-lagon.fr\/en\/wp-json\/wp\/v2\/types\/page"}],"author":[{"embeddable":true,"href":"https:\/\/closerie-du-lagon.fr\/en\/wp-json\/wp\/v2\/users\/1"}],"replies":[{"embeddable":true,"href":"https:\/\/closerie-du-lagon.fr\/en\/wp-json\/wp\/v2\/comments?post=2"}],"version-history":[{"count":10,"href":"https:\/\/closerie-du-lagon.fr\/en\/wp-json\/wp\/v2\/pages\/2\/revisions"}],"predecessor-version":[{"id":499,"href":"https:\/\/closerie-du-lagon.fr\/en\/wp-json\/wp\/v2\/pages\/2\/revisions\/499"}],"wp:attachment":[{"href":"https:\/\/closerie-du-lagon.fr\/en\/wp-json\/wp\/v2\/media?parent=2"}],"curies":[{"name":"wp","href":"https:\/\/api.w.org\/{rel}","templated":true}]}}