{"id":66,"date":"2024-03-06T13:24:12","date_gmt":"2024-03-06T09:24:12","guid":{"rendered":"https:\/\/rekursivweb.ovh\/closeriedulagon\/?page_id=66"},"modified":"2024-04-02T16:01:29","modified_gmt":"2024-04-02T12:01:29","slug":"reservation","status":"publish","type":"page","link":"https:\/\/closerie-du-lagon.fr\/de\/reservation\/","title":{"rendered":"Verf\u00fcgbarkeit &amp; Reservierung"},"content":{"rendered":"\n<div class=\"wp-block-group has-global-padding is-layout-constrained wp-block-group-is-layout-constrained\" style=\"margin-top:var(--wp--preset--spacing--20);margin-bottom:var(--wp--preset--spacing--20);padding-top:var(--wp--preset--spacing--20);padding-bottom:var(--wp--preset--spacing--20)\">\n<h1 class=\"wp-block-heading\" style=\"text-transform:none\">Disponibilit\u00e9s &amp; R\u00e9servation<\/h1>\n\n\n\n<p>Consulter les disponibilit\u00e9s de la Closerie du Lagon et demander une r\u00e9servation via notre formulaire ci-dessous ou par email \u00e0&nbsp;<a href=\"mailto:closeriedulagon@gmail.com\">closeriedulagon@gmail.com<\/a>.<br>Merci de nous indiquer la date d\u2019arriv\u00e9e, la date de d\u00e9part, le nombre d\u2019adultes et le nombre d\u2019enfants.<\/p>\n<\/div>\n\n\n\n<div class=\"wp-block-columns is-layout-flex wp-container-core-columns-is-layout-28f84493 wp-block-columns-is-layout-flex\">\n<div class=\"wp-block-column has-custom-bleu-marine-color has-base-2-background-color has-text-color has-background has-link-color wp-elements-5a4551c19842fd8bfeb69f76ce2a3c20 is-layout-flow wp-container-core-column-is-layout-3b45de27 wp-block-column-is-layout-flow\" style=\"padding-top:var(--wp--preset--spacing--20);padding-right:var(--wp--preset--spacing--40);padding-bottom:var(--wp--preset--spacing--20);padding-left:var(--wp--preset--spacing--40);flex-basis:75%\">\n<h2 class=\"wp-block-heading has-custom-bleu-marine-color has-text-color has-link-color wp-elements-0405cf5ae38e0c6479aacfa500a2668b\">Calendrier des disponibilit\u00e9s<\/h2>\n\n\n<div class='wpbc_only_calendar wpbc_container'><div id='calendar_booking_unselectable1'><\/div><span ><div style=\"clear:both;height:10px;\"><\/div><div class=\"wpbc_calendar_wraper wpbc_change_over_triangle wpbc_calendar_skin_legacy\"><div class=\"wpbc_cal_container bk_calendar_frame wpbc_no_custom_width  months_num_in_row_ cal_month_num_6\" style=\"\"><div id=\"calendar_booking1\"  class=\"wpbc_calendar_id_1\" >\t<div class=\"calendar_loader_frame calendar_loader_frame1\"\r\n\t\tdata-wpbc-rid=\"1\"\r\n\t\tdata-wpbc-grace=\"8000\"\r\n\t\tstyle=\"--wpbc-loader-cols: 6;\"\r\n\t>\r\n\t\t<div class=\"calendar_loader_text\">Wird geladen...<\/div>\r\n\t\t<div class=\"calendar_loader_frame__progress_line_container\">\r\n\t\t\t<div class=\"calendar_loader_frame__progress_line\"><\/div>\r\n\t\t<\/div>\r\n\t<\/div>\r\n\t<\/div><\/div><div style=\"font-size:7px;text-align:left;margin:0 0 10px;text-shadow: none;\">Powered by <a href=\"https:\/\/wpbookingcalendar.com\" style=\"font-size:7px;\" target=\"_blank\" title=\"Booking Calendar plugin for WordPress\">Booking Calendar<\/a><\/div><textarea id=\"date_booking1\" name=\"date_booking1\" autocomplete=\"off\" style=\"display:none;\"><\/textarea><div class=\"block_hints datepick \"><div class=\"wpdev_hint_with_text\"><div class=\"\"><div class=\"datepick-inline wpbc_calendar_legend_table_width_height\"><table class=\"datepick wpbc_calendar\" style=\"\"><tbody><tr><td class=\"datepick-days-cell date_available wpbc_calendar_legend_day_cell_height\"><div class=\"wpbc-cell-box\">\t<div class=\"date-cell-content\">\t\t<div class=\"date-content-top\"><\/div>\t\t<a>&nbsp;<\/a>\t\t<div class=\"date-content-bottom\"><\/div>\t<\/div><\/div><\/td><\/tr><\/tbody><\/table><\/div><\/div><div class=\"block_text\">- <\/div><div class=\"block_text\">Disponible<\/div><\/div><div class=\"wpdev_hint_with_text\"><div class=\"\"><div class=\"datepick-inline wpbc_calendar_legend_table_width_height\"><table class=\"datepick wpbc_calendar\" style=\"\"><tbody><tr><td class=\"datepick-days-cell datepick-unselectable date_user_unavailable full_day_booking date_approved wpbc_calendar_legend_day_cell_height\"><div class=\"wpbc-cell-box\">\t<div class=\"date-cell-content\">\t\t<div class=\"date-content-top\"><\/div>\t\t<span>&nbsp;<\/span>\t\t<div class=\"date-content-bottom\"><\/div>\t<\/div><\/div><\/td><\/tr><\/tbody><\/table><\/div><\/div><div class=\"block_text\">- <\/div><div class=\"block_text\">R\u00e9serv\u00e9<\/div><\/div><div class=\"wpdev_hint_with_text\"><div class=\"\"><div class=\"datepick-inline wpbc_calendar_legend_table_width_height\"><table class=\"datepick wpbc_calendar\" style=\"\"><tbody><tr><td class=\"datepick-days-cell datepick-unselectable date_user_unavailable full_day_booking date2approve wpbc_calendar_legend_day_cell_height\"><div class=\"wpbc-cell-box\">\t<div class=\"date-cell-content\">\t\t<div class=\"date-content-top\"><\/div>\t\t<span>&nbsp;<\/span>\t\t<div class=\"date-content-bottom\"><\/div>\t<\/div><\/div><\/td><\/tr><\/tbody><\/table><\/div><\/div><div class=\"block_text\">- <\/div><div class=\"block_text\">En attente<\/div><\/div><div class=\"wpdev_hint_with_text\"><div class=\"\"><span class=\" wpbc_change_over_triangle\"><div class=\"datepick-inline wpbc_calendar_legend_table_width_height\"><table class=\"datepick wpbc_calendar\" style=\"\"><tbody><tr><td class=\"datepick-days-cell date_available date2approve timespartly times_clock wpbc_calendar_legend_day_cell_height\"><div class=\"wpbc-cell-box\">\t<div class=\"wpbc-diagonal-el\">\t\t<div class=\"wpbc-co-out\"><svg height=\"100%\" width=\"100%\" viewBox=\"0 0 100 100\" preserveAspectRatio=\"none\"><polygon points=\"0,0 0,99 99,0\"><\/polygon><polygon points=\"0,0 0,100 49,100 49,0\"><\/polygon><\/svg><\/div>\t\t<div class=\"wpbc-co-in\"><svg height=\"100%\" width=\"100%\" viewBox=\"0 0 98 98\" preserveAspectRatio=\"none\"><polygon points=\"0,99 99,99 99,0\"><\/polygon><polygon points=\"50,98 98,98 98,0 50,0\"><\/polygon><\/svg><\/div>\t<\/div>\t<div class=\"date-cell-content\">\t\t<div class=\"date-content-top\"><div class=\"wpbc_time_dots\">\u00b7<\/div><\/div>\t\t<a>&nbsp;<\/a>\t\t<div class=\"date-content-bottom\"><\/div>\t<\/div><\/div><\/td><\/tr><\/tbody><\/table><\/div><\/span><\/div><div class=\"block_text\">- <\/div><div class=\"block_text\">Partiellement r\u00e9serv\u00e9<\/div><\/div><\/div><\/div> <\/span><\/div>\n<\/div>\n\n\n\n<div class=\"wp-block-column has-custom-bleu-marine-color has-base-background-color has-text-color has-background has-link-color wp-elements-e280cc6a0171a4efefd73ad1b9b8419f is-layout-flow wp-container-core-column-is-layout-43be9bd7 wp-block-column-is-layout-flow\" style=\"padding-top:var(--wp--preset--spacing--30);padding-right:var(--wp--preset--spacing--30);padding-bottom:var(--wp--preset--spacing--30);padding-left:var(--wp--preset--spacing--30);flex-basis:25%\">\n<div class=\"wp-block-group is-nowrap is-layout-flex wp-container-core-group-is-layout-509d8e3e wp-block-group-is-layout-flex\">\n<div class=\"wp-block-kadence-icon kt-svg-icons kt-svg-icons66_bdb85a-6f alignnone\">\n<div class=\"wp-block-kadence-single-icon kt-svg-style-default kt-svg-icon-wrap kt-svg-item-66_407b2b-d2\"><span class=\"kb-svg-icon-wrap kb-svg-icon-fe_info\"><svg viewBox=\"0 0 24 24\"  fill=\"none\" stroke=\"currentColor\" stroke-width=\"1.5\" stroke-linecap=\"round\" stroke-linejoin=\"round\" xmlns=\"http:\/\/www.w3.org\/2000\/svg\"  aria-hidden=\"true\"><circle cx=\"12\" cy=\"12\" r=\"10\"\/><line x1=\"12\" y1=\"16\" x2=\"12\" y2=\"12\"\/><line x1=\"12\" y1=\"8\" x2=\"12\" y2=\"8\"\/><\/svg><\/span><\/div>\n<\/div>\n\n\n\n<h3 class=\"wp-block-heading is-style-default has-custom-bleu-marine-color has-text-color has-link-color wp-elements-ee3bd922edfbca4b129ec55db5fb2a79\">Infos pratiques<\/h3>\n<\/div>\n\n\n\n<div class=\"wp-block-kadence-accordion alignnone\"><div class=\"kt-accordion-wrap kt-accordion-id66_115e2f-41 kt-accordion-has-4-panes kt-active-pane-0 kt-accordion-block kt-pane-header-alignment-left kt-accodion-icon-style-arrow kt-accodion-icon-side-right\" style=\"max-width:none\"><div class=\"kt-accordion-inner-wrap\" data-allow-multiple-open=\"false\" data-start-open=\"none\">\n<div class=\"wp-block-kadence-pane kt-accordion-pane kt-accordion-pane-4 kt-pane66_7aacaf-f6\"><div class=\"kt-accordion-header-wrap\"><button class=\"kt-blocks-accordion-header kt-acccordion-button-label-show\"><span class=\"kt-blocks-accordion-title-wrap\"><span class=\"kt-blocks-accordion-title\">Accueil et d\u00e9part<\/span><\/span><span class=\"kt-blocks-accordion-icon-trigger\"><\/span><\/button><\/div><div class=\"kt-accordion-panel kt-accordion-panel-hidden\"><div class=\"kt-accordion-panel-inner\">\n<p>L&rsquo;accueil et le d\u00e9part se font aux horaires h\u00f4teliers habituels pour permettre le m\u00e9nage : <br>&#8211; Arriv\u00e9e vers 15 h,<br>&#8211; D\u00e9part entre 11 et 12 h.<\/p>\n\n\n\n<p>Ces horaires peuvent \u00eatre am\u00e9nag\u00e9s apr\u00e8s contact, selon les circonstances.<\/p>\n<\/div><\/div><\/div>\n\n\n\n<div class=\"wp-block-kadence-pane kt-accordion-pane kt-accordion-pane-1 kt-pane66_a14efe-0c\"><div class=\"kt-accordion-header-wrap\"><button class=\"kt-blocks-accordion-header kt-acccordion-button-label-show\"><span class=\"kt-blocks-accordion-title-wrap\"><span class=\"kt-blocks-accordion-title\">Le Guetali<\/span><\/span><span class=\"kt-blocks-accordion-icon-trigger\"><\/span><\/button><\/div><div class=\"kt-accordion-panel kt-accordion-panel-hidden\"><div class=\"kt-accordion-panel-inner\">\n<p>Le guetali est r\u00e9serv\u00e9 aux massages relaxants le samedi et le dimanche.<\/p>\n<\/div><\/div><\/div>\n\n\n\n<div class=\"wp-block-kadence-pane kt-accordion-pane kt-accordion-pane-2 kt-pane66_d3bd48-81\"><div class=\"kt-accordion-header-wrap\"><button class=\"kt-blocks-accordion-header kt-acccordion-button-label-show\"><span class=\"kt-blocks-accordion-title-wrap\"><span class=\"kt-blocks-accordion-title\">Agr\u00e9ment<\/span><\/span><span class=\"kt-blocks-accordion-icon-trigger\"><\/span><\/button><\/div><div class=\"kt-accordion-panel kt-accordion-panel-hidden\"><div class=\"kt-accordion-panel-inner\">\n<p>Location class\u00e9e 4 \u00e9toiles pour deux personnes, non adapt\u00e9e aux personnes \u00e0 mobilit\u00e9 r\u00e9duite.<\/p>\n\n\n\n<p>Un canap\u00e9 convertible peut accueillir deux enfants. <\/p>\n<\/div><\/div><\/div>\n\n\n\n<div class=\"wp-block-kadence-pane kt-accordion-pane kt-accordion-pane-3 kt-pane66_5aa3b4-54\"><div class=\"kt-accordion-header-wrap\"><button class=\"kt-blocks-accordion-header kt-acccordion-button-label-show\"><span class=\"kt-blocks-accordion-title-wrap\"><span class=\"kt-blocks-accordion-title\">Paiement<\/span><\/span><span class=\"kt-blocks-accordion-icon-trigger\"><\/span><\/button><\/div><div class=\"kt-accordion-panel kt-accordion-panel-hidden\"><div class=\"kt-accordion-panel-inner\">\n<p>Nous acceptons les esp\u00e8ces, ch\u00e8que ou virement.<\/p>\n<\/div><\/div><\/div>\n<\/div><\/div><\/div>\n<\/div>\n<\/div>\n\n\n\n<div class=\"wp-block-columns has-base-2-background-color has-background is-layout-flex wp-container-core-columns-is-layout-c7795e35 wp-block-columns-is-layout-flex\" style=\"margin-top:var(--wp--preset--spacing--30);margin-bottom:var(--wp--preset--spacing--40);padding-top:0;padding-right:0;padding-bottom:0;padding-left:0\">\n<div class=\"wp-block-column has-base-background-color has-background is-layout-flow wp-container-core-column-is-layout-6a27151a wp-block-column-is-layout-flow\" style=\"padding-top:var(--wp--preset--spacing--30);padding-right:var(--wp--preset--spacing--30);padding-bottom:var(--wp--preset--spacing--30);padding-left:var(--wp--preset--spacing--30);flex-basis:25%\">\n<h3 class=\"wp-block-heading is-style-default has-custom-bleu-marine-color has-text-color has-link-color wp-elements-a852e39cd9cb0a921fa2c810fda1bb4e\">Tarifs<\/h3>\n\n\n\n<p class=\"has-custom-bleu-marine-color has-text-color has-link-color has-large-font-size wp-elements-760533219f73a2bd10f07f71544e207e\"><strong>120\u20ac&nbsp;\/ <sup>nuit<\/sup><\/strong><\/p>\n\n\n\n<p class=\"has-custom-bleu-marine-color has-text-color has-link-color wp-elements-595775e7fb879d64675e3f7237addbeb\">(Minimum 2 nuits)<\/p>\n<\/div>\n\n\n\n<div class=\"wp-block-column is-layout-flow wp-container-core-column-is-layout-3b45de27 wp-block-column-is-layout-flow\" style=\"padding-top:var(--wp--preset--spacing--20);padding-right:var(--wp--preset--spacing--40);padding-bottom:var(--wp--preset--spacing--20);padding-left:var(--wp--preset--spacing--40);flex-basis:75%\">\n<h2 class=\"wp-block-heading has-custom-bleu-marine-color has-text-color has-link-color wp-elements-720cfa8fd62ae895190e87aeffafd388\">Demandez une r\u00e9servation<\/h2>\n\n\n<style id=\"wpforms-css-vars-427\">\n\t\t\t\t#wpforms-427 {\n\t\t\t\t\n\t\t\t}\n\t\t\t<\/style><div class=\"wpforms-container wpforms-container-full wpforms-render-modern\" id=\"wpforms-427\"><form id=\"wpforms-form-427\" class=\"wpforms-validate wpforms-form wpforms-ajax-form\" data-formid=\"427\" method=\"post\" enctype=\"multipart\/form-data\" action=\"\/de\/wp-json\/wp\/v2\/pages\/66\" data-token=\"bced8cf385f6b1f583f619d031f4d778\" data-token-time=\"1776376201\"><noscript class=\"wpforms-error-noscript\">Bitte aktiviere JavaScript in deinem Browser, um dieses Formular fertigzustellen.<\/noscript><div id=\"wpforms-error-noscript\" style=\"display: none;\">Bitte aktiviere JavaScript in deinem Browser, um dieses Formular fertigzustellen.<\/div><div class=\"wpforms-field-container\"><div id=\"wpforms-427-field_0-container\" class=\"wpforms-field wpforms-field-name\" data-field-id=\"0\"><fieldset><legend class=\"wpforms-field-label\">Nom <span class=\"wpforms-required-label\" aria-hidden=\"true\">*<\/span><\/legend><div class=\"wpforms-field-row wpforms-field-medium\"><div class=\"wpforms-field-row-block wpforms-first wpforms-one-half\"><input type=\"text\" id=\"wpforms-427-field_0\" class=\"wpforms-field-name-first wpforms-field-required\" name=\"wpforms[fields][0][first]\" aria-errormessage=\"wpforms-427-field_0-error\" required><label for=\"wpforms-427-field_0\" class=\"wpforms-field-sublabel after\">Vorname<\/label><\/div><div class=\"wpforms-field-row-block wpforms-one-half\"><input type=\"text\" id=\"wpforms-427-field_0-last\" class=\"wpforms-field-name-last wpforms-field-required\" name=\"wpforms[fields][0][last]\" aria-errormessage=\"wpforms-427-field_0-last-error\" required><label for=\"wpforms-427-field_0-last\" class=\"wpforms-field-sublabel after\">Nachname<\/label><\/div><\/div><\/fieldset><\/div><div id=\"wpforms-427-field_1-container\" class=\"wpforms-field wpforms-field-email\" data-field-id=\"1\"><label class=\"wpforms-field-label\" for=\"wpforms-427-field_1\">E-mail <span class=\"wpforms-required-label\" aria-hidden=\"true\">*<\/span><\/label><input type=\"email\" id=\"wpforms-427-field_1\" class=\"wpforms-field-medium wpforms-field-required\" name=\"wpforms[fields][1]\" spellcheck=\"false\" aria-errormessage=\"wpforms-427-field_1-error\" required><\/div><div id=\"wpforms-427-field_4-container\" class=\"wpforms-field wpforms-field-text\" data-field-id=\"4\"><label class=\"wpforms-field-label\" for=\"wpforms-427-field_4\">T\u00e9l\u00e9phone<\/label><input type=\"text\" id=\"wpforms-427-field_4\" class=\"wpforms-field-medium\" name=\"wpforms[fields][4]\" aria-errormessage=\"wpforms-427-field_4-error\" aria-describedby=\"wpforms-427-field_4-description\" ><div id=\"wpforms-427-field_4-description\" class=\"wpforms-field-description\">Merci de pr\u00e9ciser l'indicatif, par exemple +33 1 23 45 67 89<\/div><\/div><div id=\"wpforms-427-field_2-container\" class=\"wpforms-field wpforms-field-textarea\" data-field-id=\"2\"><label class=\"wpforms-field-label\" for=\"wpforms-427-field_2\">Votre message <span class=\"wpforms-required-label\" aria-hidden=\"true\">*<\/span><\/label><textarea id=\"wpforms-427-field_2\" class=\"wpforms-field-medium wpforms-field-required\" name=\"wpforms[fields][2]\" aria-errormessage=\"wpforms-427-field_2-error\" aria-describedby=\"wpforms-427-field_2-description\" required><\/textarea><div id=\"wpforms-427-field_2-description\" class=\"wpforms-field-description\">Merci de nous indiquer la date d\u2019arriv\u00e9e, la date de d\u00e9part, le nombre d\u2019adultes et le nombre d\u2019enfants.<\/div><\/div><\/div><!-- .wpforms-field-container --><div class=\"wpforms-submit-container\" ><input type=\"hidden\" name=\"wpforms[id]\" value=\"427\"><input type=\"hidden\" name=\"page_title\" value=\"\"><input type=\"hidden\" name=\"page_url\" value=\"https:\/\/closerie-du-lagon.fr\/de\/wp-json\/wp\/v2\/pages\/66\"><input type=\"hidden\" name=\"url_referer\" value=\"\"><button type=\"submit\" name=\"wpforms[submit]\" id=\"wpforms-submit-427\" class=\"wpforms-submit\" data-alt-text=\"Envoi...\" data-submit-text=\"Envoyer\" aria-live=\"assertive\" value=\"wpforms-submit\">Envoyer<\/button><img loading=\"lazy\" decoding=\"async\" src=\"https:\/\/closerie-du-lagon.fr\/wp-content\/plugins\/wpforms-lite\/assets\/images\/submit-spin.svg\" class=\"wpforms-submit-spinner\" style=\"display: none;\" width=\"26\" height=\"26\" alt=\"Wird geladen\"><\/div><\/form><\/div>  <!-- .wpforms-container -->\n<\/div>\n<\/div>\n","protected":false},"excerpt":{"rendered":"<p>Verf\u00fcgbarkeit &amp; Reservierung Pr\u00fcfen Sie die Verf\u00fcgbarkeit von Closerie du Lagon und fordern Sie eine Reservierung \u00fcber unser Formular unten oder per E-Mail an closeriedulagon@gmail.com an. Bitte teilen Sie uns das Ankunftsdatum, das Abreisedatum, die Anzahl der Erwachsenen und die Anzahl der Kinder mit. Belegungskalender Praktische Informationen Preise 120 \u20ac \/ Nacht (mindestens 2 N\u00e4chte) Fordern Sie eine Reservierung an<\/p>","protected":false},"author":1,"featured_media":0,"parent":0,"menu_order":3,"comment_status":"closed","ping_status":"closed","template":"","meta":{"footnotes":""},"class_list":["post-66","page","type-page","status-publish","hentry"],"yoast_head":"<!-- This site is optimized with the Yoast SEO plugin v27.4 - https:\/\/yoast.com\/product\/yoast-seo-wordpress\/ -->\n<title>Disponibilit\u00e9s &amp; R\u00e9servation - Closerie du Lagon<\/title>\n<meta name=\"robots\" content=\"index, follow, max-snippet:-1, max-image-preview:large, max-video-preview:-1\" \/>\n<link rel=\"canonical\" href=\"https:\/\/closerie-du-lagon.fr\/de\/reservation\/\" \/>\n<meta property=\"og:locale\" content=\"de_DE\" \/>\n<meta property=\"og:type\" content=\"article\" \/>\n<meta property=\"og:title\" content=\"Disponibilit\u00e9s &amp; R\u00e9servation - Closerie du Lagon\" \/>\n<meta property=\"og:description\" content=\"Disponibilit\u00e9s &amp; R\u00e9servation Consulter les disponibilit\u00e9s de la Closerie du Lagon et demander une r\u00e9servation via notre formulaire ci-dessous ou par email \u00e0&nbsp;closeriedulagon@gmail.com.Merci de nous indiquer la date d\u2019arriv\u00e9e, la date de d\u00e9part, le nombre d\u2019adultes et le nombre d\u2019enfants. Calendrier des disponibilit\u00e9s Infos pratiques Tarifs 120\u20ac&nbsp;\/ nuit (Minimum 2 nuits) Demandez une r\u00e9servation\" \/>\n<meta property=\"og:url\" content=\"https:\/\/closerie-du-lagon.fr\/de\/reservation\/\" \/>\n<meta property=\"og:site_name\" content=\"Closerie du Lagon\" \/>\n<meta property=\"article:modified_time\" content=\"2024-04-02T12:01:29+00:00\" \/>\n<meta name=\"twitter:card\" content=\"summary_large_image\" \/>\n<meta name=\"twitter:label1\" content=\"Gesch\u00e4tzte Lesezeit\" \/>\n\t<meta name=\"twitter:data1\" content=\"1\u00a0Minute\" \/>\n<script type=\"application\/ld+json\" class=\"yoast-schema-graph\">{\"@context\":\"https:\\\/\\\/schema.org\",\"@graph\":[{\"@type\":\"WebPage\",\"@id\":\"https:\\\/\\\/closerie-du-lagon.fr\\\/reservation\\\/\",\"url\":\"https:\\\/\\\/closerie-du-lagon.fr\\\/reservation\\\/\",\"name\":\"Disponibilit\u00e9s & R\u00e9servation - Closerie du Lagon\",\"isPartOf\":{\"@id\":\"https:\\\/\\\/closerie-du-lagon.fr\\\/#website\"},\"datePublished\":\"2024-03-06T09:24:12+00:00\",\"dateModified\":\"2024-04-02T12:01:29+00:00\",\"breadcrumb\":{\"@id\":\"https:\\\/\\\/closerie-du-lagon.fr\\\/reservation\\\/#breadcrumb\"},\"inLanguage\":\"de\",\"potentialAction\":[{\"@type\":\"ReadAction\",\"target\":[\"https:\\\/\\\/closerie-du-lagon.fr\\\/reservation\\\/\"]}]},{\"@type\":\"BreadcrumbList\",\"@id\":\"https:\\\/\\\/closerie-du-lagon.fr\\\/reservation\\\/#breadcrumb\",\"itemListElement\":[{\"@type\":\"ListItem\",\"position\":1,\"name\":\"Accueil\",\"item\":\"https:\\\/\\\/closerie-du-lagon.fr\\\/\"},{\"@type\":\"ListItem\",\"position\":2,\"name\":\"Disponibilit\u00e9s &#038; R\u00e9servation\"}]},{\"@type\":\"WebSite\",\"@id\":\"https:\\\/\\\/closerie-du-lagon.fr\\\/#website\",\"url\":\"https:\\\/\\\/closerie-du-lagon.fr\\\/\",\"name\":\"Closerie du Lagon\",\"description\":\"L&#039;h\u00e9bergement d&#039;exception \u00e0 La R\u00e9union\",\"publisher\":{\"@id\":\"https:\\\/\\\/closerie-du-lagon.fr\\\/#organization\"},\"potentialAction\":[{\"@type\":\"SearchAction\",\"target\":{\"@type\":\"EntryPoint\",\"urlTemplate\":\"https:\\\/\\\/closerie-du-lagon.fr\\\/?s={search_term_string}\"},\"query-input\":{\"@type\":\"PropertyValueSpecification\",\"valueRequired\":true,\"valueName\":\"search_term_string\"}}],\"inLanguage\":\"de\"},{\"@type\":\"Organization\",\"@id\":\"https:\\\/\\\/closerie-du-lagon.fr\\\/#organization\",\"name\":\"Closerie du Lagon\",\"url\":\"https:\\\/\\\/closerie-du-lagon.fr\\\/\",\"logo\":{\"@type\":\"ImageObject\",\"inLanguage\":\"de\",\"@id\":\"https:\\\/\\\/closerie-du-lagon.fr\\\/#\\\/schema\\\/logo\\\/image\\\/\",\"url\":\"https:\\\/\\\/closerie-du-lagon.fr\\\/wp-content\\\/uploads\\\/2024\\\/03\\\/logo.png\",\"contentUrl\":\"https:\\\/\\\/closerie-du-lagon.fr\\\/wp-content\\\/uploads\\\/2024\\\/03\\\/logo.png\",\"width\":138,\"height\":129,\"caption\":\"Closerie du Lagon\"},\"image\":{\"@id\":\"https:\\\/\\\/closerie-du-lagon.fr\\\/#\\\/schema\\\/logo\\\/image\\\/\"}}]}<\/script>\n<!-- \/ Yoast SEO plugin. -->","yoast_head_json":{"title":"Disponibilit\u00e9s & R\u00e9servation - Closerie du Lagon","robots":{"index":"index","follow":"follow","max-snippet":"max-snippet:-1","max-image-preview":"max-image-preview:large","max-video-preview":"max-video-preview:-1"},"canonical":"https:\/\/closerie-du-lagon.fr\/de\/reservation\/","og_locale":"de_DE","og_type":"article","og_title":"Disponibilit\u00e9s & R\u00e9servation - Closerie du Lagon","og_description":"Disponibilit\u00e9s &amp; R\u00e9servation Consulter les disponibilit\u00e9s de la Closerie du Lagon et demander une r\u00e9servation via notre formulaire ci-dessous ou par email \u00e0&nbsp;closeriedulagon@gmail.com.Merci de nous indiquer la date d\u2019arriv\u00e9e, la date de d\u00e9part, le nombre d\u2019adultes et le nombre d\u2019enfants. Calendrier des disponibilit\u00e9s Infos pratiques Tarifs 120\u20ac&nbsp;\/ nuit (Minimum 2 nuits) Demandez une r\u00e9servation","og_url":"https:\/\/closerie-du-lagon.fr\/de\/reservation\/","og_site_name":"Closerie du Lagon","article_modified_time":"2024-04-02T12:01:29+00:00","twitter_card":"summary_large_image","twitter_misc":{"Gesch\u00e4tzte Lesezeit":"1\u00a0Minute"},"schema":{"@context":"https:\/\/schema.org","@graph":[{"@type":"WebPage","@id":"https:\/\/closerie-du-lagon.fr\/reservation\/","url":"https:\/\/closerie-du-lagon.fr\/reservation\/","name":"Disponibilit\u00e9s & R\u00e9servation - Closerie du Lagon","isPartOf":{"@id":"https:\/\/closerie-du-lagon.fr\/#website"},"datePublished":"2024-03-06T09:24:12+00:00","dateModified":"2024-04-02T12:01:29+00:00","breadcrumb":{"@id":"https:\/\/closerie-du-lagon.fr\/reservation\/#breadcrumb"},"inLanguage":"de","potentialAction":[{"@type":"ReadAction","target":["https:\/\/closerie-du-lagon.fr\/reservation\/"]}]},{"@type":"BreadcrumbList","@id":"https:\/\/closerie-du-lagon.fr\/reservation\/#breadcrumb","itemListElement":[{"@type":"ListItem","position":1,"name":"Accueil","item":"https:\/\/closerie-du-lagon.fr\/"},{"@type":"ListItem","position":2,"name":"Disponibilit\u00e9s &#038; R\u00e9servation"}]},{"@type":"WebSite","@id":"https:\/\/closerie-du-lagon.fr\/#website","url":"https:\/\/closerie-du-lagon.fr\/","name":"Closerie du Lagon","description":"Au\u00dfergew\u00f6hnliche Unterkunft in Reunion","publisher":{"@id":"https:\/\/closerie-du-lagon.fr\/#organization"},"potentialAction":[{"@type":"SearchAction","target":{"@type":"EntryPoint","urlTemplate":"https:\/\/closerie-du-lagon.fr\/?s={search_term_string}"},"query-input":{"@type":"PropertyValueSpecification","valueRequired":true,"valueName":"search_term_string"}}],"inLanguage":"de"},{"@type":"Organization","@id":"https:\/\/closerie-du-lagon.fr\/#organization","name":"Closerie du Lagon","url":"https:\/\/closerie-du-lagon.fr\/","logo":{"@type":"ImageObject","inLanguage":"de","@id":"https:\/\/closerie-du-lagon.fr\/#\/schema\/logo\/image\/","url":"https:\/\/closerie-du-lagon.fr\/wp-content\/uploads\/2024\/03\/logo.png","contentUrl":"https:\/\/closerie-du-lagon.fr\/wp-content\/uploads\/2024\/03\/logo.png","width":138,"height":129,"caption":"Closerie du Lagon"},"image":{"@id":"https:\/\/closerie-du-lagon.fr\/#\/schema\/logo\/image\/"}}]}},"_links":{"self":[{"href":"https:\/\/closerie-du-lagon.fr\/de\/wp-json\/wp\/v2\/pages\/66","targetHints":{"allow":["GET"]}}],"collection":[{"href":"https:\/\/closerie-du-lagon.fr\/de\/wp-json\/wp\/v2\/pages"}],"about":[{"href":"https:\/\/closerie-du-lagon.fr\/de\/wp-json\/wp\/v2\/types\/page"}],"author":[{"embeddable":true,"href":"https:\/\/closerie-du-lagon.fr\/de\/wp-json\/wp\/v2\/users\/1"}],"replies":[{"embeddable":true,"href":"https:\/\/closerie-du-lagon.fr\/de\/wp-json\/wp\/v2\/comments?post=66"}],"version-history":[{"count":67,"href":"https:\/\/closerie-du-lagon.fr\/de\/wp-json\/wp\/v2\/pages\/66\/revisions"}],"predecessor-version":[{"id":506,"href":"https:\/\/closerie-du-lagon.fr\/de\/wp-json\/wp\/v2\/pages\/66\/revisions\/506"}],"wp:attachment":[{"href":"https:\/\/closerie-du-lagon.fr\/de\/wp-json\/wp\/v2\/media?parent=66"}],"curies":[{"name":"wp","href":"https:\/\/api.w.org\/{rel}","templated":true}]}}