{"id":652,"date":"2026-03-31T16:42:37","date_gmt":"2026-03-31T12:42:37","guid":{"rendered":"https:\/\/closerie-du-lagon.fr\/wpbc-bfb-preview\/"},"modified":"2026-04-27T17:09:19","modified_gmt":"2026-04-27T13:09:19","slug":"wpbc-bfb-preview","status":"publish","type":"page","link":"https:\/\/closerie-du-lagon.fr\/de\/wpbc-bfb-preview\/","title":{"rendered":"Booking Form Preview"},"content":{"rendered":"","protected":false},"excerpt":{"rendered":"","protected":false},"author":1,"featured_media":0,"parent":0,"menu_order":0,"comment_status":"closed","ping_status":"closed","template":"page-no-title","meta":{"footnotes":""},"class_list":["post-652","page","type-page","status-publish","hentry"],"yoast_head":"<!-- This site is optimized with the Yoast SEO plugin v27.5 - https:\/\/yoast.com\/product\/yoast-seo-wordpress\/ -->\n<title>Booking Form Preview - Closerie du Lagon<\/title>\n<meta name=\"robots\" content=\"index, follow, max-snippet:-1, max-image-preview:large, max-video-preview:-1\" \/>\n<link rel=\"canonical\" href=\"https:\/\/closerie-du-lagon.fr\/de\/wpbc-bfb-preview\/\" \/>\n<meta property=\"og:locale\" content=\"de_DE\" \/>\n<meta property=\"og:type\" content=\"article\" \/>\n<meta property=\"og:title\" content=\"Booking Form Preview - Closerie du Lagon\" \/>\n<meta property=\"og:url\" content=\"https:\/\/closerie-du-lagon.fr\/de\/wpbc-bfb-preview\/\" \/>\n<meta property=\"og:site_name\" content=\"Closerie du Lagon\" \/>\n<meta property=\"article:modified_time\" content=\"2026-04-27T13:09:19+00:00\" \/>\n<meta name=\"twitter:card\" content=\"summary_large_image\" \/>\n<script type=\"application\/ld+json\" class=\"yoast-schema-graph\">{\"@context\":\"https:\\\/\\\/schema.org\",\"@graph\":[{\"@type\":\"WebPage\",\"@id\":\"https:\\\/\\\/closerie-du-lagon.fr\\\/wpbc-bfb-preview\\\/\",\"url\":\"https:\\\/\\\/closerie-du-lagon.fr\\\/wpbc-bfb-preview\\\/\",\"name\":\"Booking Form Preview - Closerie du Lagon\",\"isPartOf\":{\"@id\":\"https:\\\/\\\/closerie-du-lagon.fr\\\/#website\"},\"datePublished\":\"2026-03-31T12:42:37+00:00\",\"dateModified\":\"2026-04-27T13:09:19+00:00\",\"breadcrumb\":{\"@id\":\"https:\\\/\\\/closerie-du-lagon.fr\\\/wpbc-bfb-preview\\\/#breadcrumb\"},\"inLanguage\":\"de\",\"potentialAction\":[{\"@type\":\"ReadAction\",\"target\":[\"https:\\\/\\\/closerie-du-lagon.fr\\\/wpbc-bfb-preview\\\/\"]}]},{\"@type\":\"BreadcrumbList\",\"@id\":\"https:\\\/\\\/closerie-du-lagon.fr\\\/wpbc-bfb-preview\\\/#breadcrumb\",\"itemListElement\":[{\"@type\":\"ListItem\",\"position\":1,\"name\":\"Accueil\",\"item\":\"https:\\\/\\\/closerie-du-lagon.fr\\\/\"},{\"@type\":\"ListItem\",\"position\":2,\"name\":\"Booking Form Preview\"}]},{\"@type\":\"WebSite\",\"@id\":\"https:\\\/\\\/closerie-du-lagon.fr\\\/#website\",\"url\":\"https:\\\/\\\/closerie-du-lagon.fr\\\/\",\"name\":\"Closerie du Lagon\",\"description\":\"L&#039;h\u00e9bergement d&#039;exception \u00e0 La R\u00e9union\",\"publisher\":{\"@id\":\"https:\\\/\\\/closerie-du-lagon.fr\\\/#organization\"},\"potentialAction\":[{\"@type\":\"SearchAction\",\"target\":{\"@type\":\"EntryPoint\",\"urlTemplate\":\"https:\\\/\\\/closerie-du-lagon.fr\\\/?s={search_term_string}\"},\"query-input\":{\"@type\":\"PropertyValueSpecification\",\"valueRequired\":true,\"valueName\":\"search_term_string\"}}],\"inLanguage\":\"de\"},{\"@type\":\"Organization\",\"@id\":\"https:\\\/\\\/closerie-du-lagon.fr\\\/#organization\",\"name\":\"Closerie du Lagon\",\"url\":\"https:\\\/\\\/closerie-du-lagon.fr\\\/\",\"logo\":{\"@type\":\"ImageObject\",\"inLanguage\":\"de\",\"@id\":\"https:\\\/\\\/closerie-du-lagon.fr\\\/#\\\/schema\\\/logo\\\/image\\\/\",\"url\":\"https:\\\/\\\/closerie-du-lagon.fr\\\/wp-content\\\/uploads\\\/2024\\\/03\\\/logo.png\",\"contentUrl\":\"https:\\\/\\\/closerie-du-lagon.fr\\\/wp-content\\\/uploads\\\/2024\\\/03\\\/logo.png\",\"width\":138,\"height\":129,\"caption\":\"Closerie du Lagon\"},\"image\":{\"@id\":\"https:\\\/\\\/closerie-du-lagon.fr\\\/#\\\/schema\\\/logo\\\/image\\\/\"}}]}<\/script>\n<!-- \/ Yoast SEO plugin. -->","yoast_head_json":{"title":"Booking Form Preview - Closerie du Lagon","robots":{"index":"index","follow":"follow","max-snippet":"max-snippet:-1","max-image-preview":"max-image-preview:large","max-video-preview":"max-video-preview:-1"},"canonical":"https:\/\/closerie-du-lagon.fr\/de\/wpbc-bfb-preview\/","og_locale":"de_DE","og_type":"article","og_title":"Booking Form Preview - Closerie du Lagon","og_url":"https:\/\/closerie-du-lagon.fr\/de\/wpbc-bfb-preview\/","og_site_name":"Closerie du Lagon","article_modified_time":"2026-04-27T13:09:19+00:00","twitter_card":"summary_large_image","schema":{"@context":"https:\/\/schema.org","@graph":[{"@type":"WebPage","@id":"https:\/\/closerie-du-lagon.fr\/wpbc-bfb-preview\/","url":"https:\/\/closerie-du-lagon.fr\/wpbc-bfb-preview\/","name":"Booking Form Preview - Closerie du Lagon","isPartOf":{"@id":"https:\/\/closerie-du-lagon.fr\/#website"},"datePublished":"2026-03-31T12:42:37+00:00","dateModified":"2026-04-27T13:09:19+00:00","breadcrumb":{"@id":"https:\/\/closerie-du-lagon.fr\/wpbc-bfb-preview\/#breadcrumb"},"inLanguage":"de","potentialAction":[{"@type":"ReadAction","target":["https:\/\/closerie-du-lagon.fr\/wpbc-bfb-preview\/"]}]},{"@type":"BreadcrumbList","@id":"https:\/\/closerie-du-lagon.fr\/wpbc-bfb-preview\/#breadcrumb","itemListElement":[{"@type":"ListItem","position":1,"name":"Accueil","item":"https:\/\/closerie-du-lagon.fr\/"},{"@type":"ListItem","position":2,"name":"Booking Form Preview"}]},{"@type":"WebSite","@id":"https:\/\/closerie-du-lagon.fr\/#website","url":"https:\/\/closerie-du-lagon.fr\/","name":"Closerie du Lagon","description":"Au\u00dfergew\u00f6hnliche Unterkunft in Reunion","publisher":{"@id":"https:\/\/closerie-du-lagon.fr\/#organization"},"potentialAction":[{"@type":"SearchAction","target":{"@type":"EntryPoint","urlTemplate":"https:\/\/closerie-du-lagon.fr\/?s={search_term_string}"},"query-input":{"@type":"PropertyValueSpecification","valueRequired":true,"valueName":"search_term_string"}}],"inLanguage":"de"},{"@type":"Organization","@id":"https:\/\/closerie-du-lagon.fr\/#organization","name":"Closerie du Lagon","url":"https:\/\/closerie-du-lagon.fr\/","logo":{"@type":"ImageObject","inLanguage":"de","@id":"https:\/\/closerie-du-lagon.fr\/#\/schema\/logo\/image\/","url":"https:\/\/closerie-du-lagon.fr\/wp-content\/uploads\/2024\/03\/logo.png","contentUrl":"https:\/\/closerie-du-lagon.fr\/wp-content\/uploads\/2024\/03\/logo.png","width":138,"height":129,"caption":"Closerie du Lagon"},"image":{"@id":"https:\/\/closerie-du-lagon.fr\/#\/schema\/logo\/image\/"}}]}},"_links":{"self":[{"href":"https:\/\/closerie-du-lagon.fr\/de\/wp-json\/wp\/v2\/pages\/652","targetHints":{"allow":["GET"]}}],"collection":[{"href":"https:\/\/closerie-du-lagon.fr\/de\/wp-json\/wp\/v2\/pages"}],"about":[{"href":"https:\/\/closerie-du-lagon.fr\/de\/wp-json\/wp\/v2\/types\/page"}],"author":[{"embeddable":true,"href":"https:\/\/closerie-du-lagon.fr\/de\/wp-json\/wp\/v2\/users\/1"}],"replies":[{"embeddable":true,"href":"https:\/\/closerie-du-lagon.fr\/de\/wp-json\/wp\/v2\/comments?post=652"}],"version-history":[{"count":1,"href":"https:\/\/closerie-du-lagon.fr\/de\/wp-json\/wp\/v2\/pages\/652\/revisions"}],"predecessor-version":[{"id":653,"href":"https:\/\/closerie-du-lagon.fr\/de\/wp-json\/wp\/v2\/pages\/652\/revisions\/653"}],"wp:attachment":[{"href":"https:\/\/closerie-du-lagon.fr\/de\/wp-json\/wp\/v2\/media?parent=652"}],"curies":[{"name":"wp","href":"https:\/\/api.w.org\/{rel}","templated":true}]}}